{"id":11096,"date":"2021-05-20T16:26:00","date_gmt":"2021-05-20T14:26:00","guid":{"rendered":"https:\/\/www.rifugiosalvin.it\/?page_id=11096"},"modified":"2021-05-20T16:26:00","modified_gmt":"2021-05-20T14:26:00","slug":"allgemeine-geschaeftsbedingungen-2","status":"publish","type":"page","link":"https:\/\/www.rifugiosalvin.it\/de\/allgemeine-geschaeftsbedingungen-2\/","title":{"rendered":"Allgemeine Gesch\u00e4ftsbedingungen"},"content":{"rendered":"<h3>ALLGEMEINE GESCH\u00c4FTSBEDINGUNGEN DER RESERVIERUNG<\/h3>\n<p>Die Zusammenstellung und das Absenden des Formulars &#8222;Reservierung&#8220; auf der Website rifugiosalvin.it stellen einen &#8222;Reservierungsantrag&#8220; dar, der f\u00fcr die H\u00fctte nicht bindend ist, insbesondere kann letztere aus verschiedenen Gr\u00fcnden nicht in der Lage sein, die Reservierung zu akzeptieren.<\/p>\n<p>Der H\u00fcttenwirt pr\u00fcft pers\u00f6nlich die Korrektheit der Angaben und der erhaltenen Anzahlung sowie die Annehmbarkeit der Reservierung; bei positivem Ergebnis dieser Pr\u00fcfungen erfolgt die Zusendung der Buchungsbest\u00e4tigung per E-Mail mit der Zusammenfassung der Reservierung.<br \/>\nIm ungl\u00fccklichen Fall der Ablehnung der Buchung obliegt es dem Verwalter, sich umgehend mit dem Kunden in Verbindung zu setzen, um eine \u00c4nderung der Buchung oder eventuell die R\u00fcckerstattung der Anzahlung zu vereinbaren (&#8222;Ablehnung der Buchung&#8220;). Die Bearbeitung der &#8222;Buchungsbest\u00e4tigung&#8220; oder der &#8222;Buchungsablehnung&#8220; erfordert eine Frist, die, rein als Hinweis und nicht verbindlich, 24-48 Stunden ab Eingang der Anzahlung betragen kann.<br \/>\nIm Falle der &#8222;Buchungsbest\u00e4tigung&#8220; ist die vom Kunden geleistete Anzahlung f\u00fcr das angegebene Buchungsdatum und die Anzahl der gebuchten Pl\u00e4tze verbindlich; die Anzahlung wird nur im Falle einer Stornierung bis zu 24 Stunden vor der Ankunft zur\u00fcckerstattet.<br \/>\nDer Manager ist verf\u00fcgbar, nur im Falle einer Vorank\u00fcndigung von mindestens 15 Tagen auf das Datum der Ankunft und in jedem Fall nach eigenem Ermessen, um die M\u00f6glichkeit der \u00c4nderung des Datums der Buchung vereinbart und \/ oder die Anzahl der Teilnehmer zu bewerten.<br \/>\nReservierungen sind, wenn nicht anders vereinbart, bis 18:00 Uhr am Anreisetag g\u00fcltig, eine notwendige \u00c4nderung dieser Zeit muss umgehend mitgeteilt werden und gilt erst nach ausdr\u00fccklicher Best\u00e4tigung als angenommen.<\/p>\n","protected":false},"excerpt":{"rendered":"<p>ALLGEMEINE GESCH\u00c4FTSBEDINGUNGEN DER RESERVIERUNG Die Zusammenstellung und das Absenden des Formulars &#8222;Reservierung&#8220; auf der Website rifugiosalvin.it stellen einen &#8222;Reservierungsantrag&#8220; dar, der f\u00fcr die H\u00fctte nicht bindend<span class=\"excerpt-hellip\"> [\u2026]<\/span><\/p>\n","protected":false},"author":1,"featured_media":0,"parent":0,"menu_order":0,"comment_status":"closed","ping_status":"closed","template":"","meta":{"footnotes":""},"class_list":["post-11096","page","type-page","status-publish","hentry"],"_links":{"self":[{"href":"https:\/\/www.rifugiosalvin.it\/de\/wp-json\/wp\/v2\/pages\/11096","targetHints":{"allow":["GET"]}}],"collection":[{"href":"https:\/\/www.rifugiosalvin.it\/de\/wp-json\/wp\/v2\/pages"}],"about":[{"href":"https:\/\/www.rifugiosalvin.it\/de\/wp-json\/wp\/v2\/types\/page"}],"author":[{"embeddable":true,"href":"https:\/\/www.rifugiosalvin.it\/de\/wp-json\/wp\/v2\/users\/1"}],"replies":[{"embeddable":true,"href":"https:\/\/www.rifugiosalvin.it\/de\/wp-json\/wp\/v2\/comments?post=11096"}],"version-history":[{"count":1,"href":"https:\/\/www.rifugiosalvin.it\/de\/wp-json\/wp\/v2\/pages\/11096\/revisions"}],"predecessor-version":[{"id":11148,"href":"https:\/\/www.rifugiosalvin.it\/de\/wp-json\/wp\/v2\/pages\/11096\/revisions\/11148"}],"wp:attachment":[{"href":"https:\/\/www.rifugiosalvin.it\/de\/wp-json\/wp\/v2\/media?parent=11096"}],"curies":[{"name":"wp","href":"https:\/\/api.w.org\/{rel}","templated":true}]}}